{"id":76,"date":"2025-04-14T15:08:44","date_gmt":"2025-04-14T15:08:44","guid":{"rendered":"https:\/\/claralievre.fr\/?page_id=76"},"modified":"2025-04-20T17:31:45","modified_gmt":"2025-04-20T17:31:45","slug":"me-contacter","status":"publish","type":"page","link":"https:\/\/claralievre.fr\/index.php\/me-contacter\/","title":{"rendered":"Me contacter"},"content":{"rendered":"\n\n<h1>\n\t\t\tMe contacter\t<\/h1>\n<h2>\n\t\t\tEnvie de collaborer ? \t<\/h2>\n\t<p>Vous cherchez \u00e0 renforcer l&rsquo;impact de vos formations ? Je mets mes comp\u00e9tences en conception p\u00e9dagogique digitale au service de vos objectifs, que ce soit en CDI ou en mission ponctuelle.<\/p>\n\t<p>Discutons ensemble de vos enjeux actuels : que ce soit pour structurer un parcours, produire un module engageant ou optimiser une exp\u00e9rience d&rsquo;apprentissage, je serai ravie de vous apporter des solutions concr\u00e8tes et adapt\u00e9es.<\/p>\n\t\t\t\t<img decoding=\"async\" src=\"https:\/\/claralievre.fr\/wp-content\/uploads\/2025\/04\/DSC00257-scaled.webp\" alt=\"DSC00257\" itemprop=\"image\" height=\"2560\" width=\"1762\" title=\"DSC00257\" onerror=\"this.style.display='none'\" loading='lazy' \/>\n\n","protected":false},"excerpt":{"rendered":"<p>Me contacter Envie de collaborer ? Vous cherchez \u00e0 renforcer l&rsquo;impact de vos formations ? Je mets mes comp\u00e9tences en conception p\u00e9dagogique digitale au service de vos objectifs, que ce soit en CDI ou en mission ponctuelle. Discutons ensemble de vos enjeux actuels : que ce soit pour structurer un parcours, produire un module engageant&hellip;<\/p>\n","protected":false},"author":1,"featured_media":0,"parent":0,"menu_order":0,"comment_status":"closed","ping_status":"closed","template":"","meta":{"footnotes":""},"class_list":["post-76","page","type-page","status-publish","hentry"],"_links":{"self":[{"href":"https:\/\/claralievre.fr\/index.php\/wp-json\/wp\/v2\/pages\/76","targetHints":{"allow":["GET"]}}],"collection":[{"href":"https:\/\/claralievre.fr\/index.php\/wp-json\/wp\/v2\/pages"}],"about":[{"href":"https:\/\/claralievre.fr\/index.php\/wp-json\/wp\/v2\/types\/page"}],"author":[{"embeddable":true,"href":"https:\/\/claralievre.fr\/index.php\/wp-json\/wp\/v2\/users\/1"}],"replies":[{"embeddable":true,"href":"https:\/\/claralievre.fr\/index.php\/wp-json\/wp\/v2\/comments?post=76"}],"version-history":[{"count":6,"href":"https:\/\/claralievre.fr\/index.php\/wp-json\/wp\/v2\/pages\/76\/revisions"}],"predecessor-version":[{"id":132,"href":"https:\/\/claralievre.fr\/index.php\/wp-json\/wp\/v2\/pages\/76\/revisions\/132"}],"wp:attachment":[{"href":"https:\/\/claralievre.fr\/index.php\/wp-json\/wp\/v2\/media?parent=76"}],"curies":[{"name":"wp","href":"https:\/\/api.w.org\/{rel}","templated":true}]}}